{"id":675,"date":"2020-09-02T16:07:08","date_gmt":"2020-09-02T14:07:08","guid":{"rendered":"https:\/\/www.elektropostal.org\/?page_id=675"},"modified":"2020-09-02T16:08:09","modified_gmt":"2020-09-02T14:08:09","slug":"homepage","status":"publish","type":"page","link":"https:\/\/www.elektropostal.aero\/en\/","title":{"rendered":"Homepage"},"content":{"rendered":"<div id=\"pl-675\"  class=\"panel-layout\" ><div id=\"pg-675-0\"  class=\"panel-grid panel-has-style\" ><div class=\"siteorigin-panels-stretch panel-row-style panel-row-style-for-675-0\" data-stretch-type=\"full-stretched\" ><div id=\"pgc-675-0-0\"  class=\"panel-grid-cell\" ><div id=\"panel-675-0-0-0\" class=\"so-panel widget widget_sow-hero panel-first-child panel-last-child\" data-index=\"0\" ><div\n\t\t\t\n\t\t\tclass=\"so-widget-sow-hero so-widget-sow-hero-default-058010f0cd0b-675\"\n\t\t\t\n\t\t>\t\t\t\t<div class=\"sow-slider-base\" style=\"display: none\" tabindex=\"0\">\n\t\t\t\t\t<ul\n\t\t\t\t\tclass=\"sow-slider-images\"\n\t\t\t\t\tdata-settings=\"{&quot;pagination&quot;:true,&quot;speed&quot;:800,&quot;timeout&quot;:8000,&quot;paused&quot;:true,&quot;pause_on_hover&quot;:false,&quot;swipe&quot;:false,&quot;nav_always_show_desktop&quot;:&quot;&quot;,&quot;nav_always_show_mobile&quot;:&quot;&quot;,&quot;breakpoint&quot;:&quot;780px&quot;,&quot;unmute&quot;:false,&quot;anchor&quot;:null}\"\n\t\t\t\t\tstyle=\"min-height: 800px\"\t\t\t\t\tdata-anchor-id=\"\"\n\t\t\t\t>\t\t<li class=\"sow-slider-image  sow-slider-image-cover\" style=\"visibility: visible;;background-color: #333333;background-image: url(https:\/\/www.elektropostal.aero\/wp-content\/uploads\/2020\/07\/sky-690293_1920.jpg)\" >\n\t\t\t\t\t<div class=\"sow-slider-image-container\">\n\t\t\t<div class=\"sow-slider-image-wrapper\">\n\t\t\t\t<h1>ELEKTROPOSTAL<\/h1>\n<p>A new era for a new air<\/p>\n\t\t\t<\/div>\n\t\t<\/div>\n\t\t\t\t<\/li>\n\t\t<\/ul>\t\t\t\t<ol class=\"sow-slider-pagination\">\n\t\t\t\t\t\t\t\t\t\t\t<li><a href=\"#\" data-goto=\"0\" aria-label=\"Display slide 1\"><\/a><\/li>\n\t\t\t\t\t\t\t\t\t<\/ol>\n\n\t\t\t\t<div class=\"sow-slide-nav sow-slide-nav-next\">\n\t\t\t\t\t<a href=\"#\" data-goto=\"next\" aria-label=\"Next slide\" data-action=\"next\">\n\t\t\t\t\t\t<em class=\"sow-sld-icon-thin-right\"><\/em>\n\t\t\t\t\t<\/a>\n\t\t\t\t<\/div>\n\n\t\t\t\t<div class=\"sow-slide-nav sow-slide-nav-prev\">\n\t\t\t\t\t<a href=\"#\" data-goto=\"previous\" aria-label=\"Previous slide\" data-action=\"prev\">\n\t\t\t\t\t\t<em class=\"sow-sld-icon-thin-left\"><\/em>\n\t\t\t\t\t<\/a>\n\t\t\t\t<\/div>\n\t\t\t\t<\/div><\/div><\/div><\/div><\/div><\/div><div id=\"pg-675-1\"  class=\"panel-grid panel-has-style\" ><div class=\"panel-row-style panel-row-style-for-675-1\" ><div id=\"pgc-675-1-0\"  class=\"panel-grid-cell panel-grid-cell-mobile-last\" ><div id=\"panel-675-1-0-0\" class=\"so-panel widget widget_sow-headline panel-first-child\" data-index=\"1\" ><div\n\t\t\t\n\t\t\tclass=\"so-widget-sow-headline so-widget-sow-headline-default-364211823548-675\"\n\t\t\t\n\t\t><div class=\"sow-headline-container \">\n\t\t\t\t\t\t\t<h1 class=\"sow-headline\">\n\t\t\t\t\t\tUNE NOUVELLE \u00c8RE POUR UN NOUVEL AIR\t\t\t\t\t\t<\/h1>\n\t\t\t\t\t\t\t\t\t\t\t\t<h3 class=\"sow-sub-headline\">\n\t\t\t\t\t\t100 ans apr\u00e8s les pionniers de l\u2019aviation, l'aventure ElektroPostal vise \u00e0 explorer des routes l\u00e9gendaires comme celle de l'A\u00e9ropostale avec des a\u00e9ronefs utilisant une propulstion \u00e9lectrique n'\u00e9mettant pas ou peu de gaz \u00e0 effet de serre.\t\t\t\t\t\t<\/h3>\n\t\t\t\t\t\t<\/div>\n<\/div><\/div><div id=\"panel-675-1-0-1\" class=\"so-panel widget widget_sow-button panel-last-child\" data-index=\"2\" ><div\n\t\t\t\n\t\t\tclass=\"so-widget-sow-button so-widget-sow-button-flat-ba9aa699b093-675\"\n\t\t\t\n\t\t><div class=\"ow-button-base ow-button-align-left\"\n>\n\t\t\t<a\n\t\t\t\t\thref=\"https:\/\/www.elektropostal.aero\/defi\/\"\n\t\t\t\t\tclass=\"sowb-button ow-icon-placement-left ow-button-hover\" \t>\n\t\t<span>\n\t\t\t\n\t\t\tD\u00c9COUVRIR LE D\u00c9FI\t\t<\/span>\n\t\t\t<\/a>\n\t<\/div>\n<\/div><\/div><\/div><div id=\"pgc-675-1-1\"  class=\"panel-grid-cell panel-grid-cell-empty\" ><\/div><\/div><\/div><\/div>","protected":false},"excerpt":{"rendered":"<p>ELEKTROPOSTAL A new era for a new air UNE NOUVELLE \u00c8RE POUR UN NOUVEL AIR 100 ans apr\u00e8s les pionniers de l\u2019aviation, l&#8217;aventure ElektroPostal vise \u00e0 explorer des routes l\u00e9gendaires comme celle de l&#8217;A\u00e9ropostale avec des a\u00e9ronefs utilisant une propulstion \u00e9lectrique n&#8217;\u00e9mettant pas ou peu de gaz \u00e0 effet de serre. D\u00c9COUVRIR LE D\u00c9FI<\/p>\n","protected":false},"author":1,"featured_media":0,"parent":0,"menu_order":0,"comment_status":"closed","ping_status":"closed","template":"","meta":{"footnotes":""},"class_list":["post-675","page","type-page","status-publish","hentry","post"],"yoast_head":"<!-- This site is optimized with the Yoast SEO plugin v27.5 - https:\/\/yoast.com\/product\/yoast-seo-wordpress\/ -->\n<title>Homepage - ELEKTROPOSTAL<\/title>\n<meta name=\"robots\" content=\"index, follow, max-snippet:-1, max-image-preview:large, max-video-preview:-1\" \/>\n<link rel=\"canonical\" href=\"https:\/\/www.elektropostal.aero\/en\/\" \/>\n<meta property=\"og:locale\" content=\"en_US\" \/>\n<meta property=\"og:type\" content=\"article\" \/>\n<meta property=\"og:title\" content=\"Homepage - ELEKTROPOSTAL\" \/>\n<meta property=\"og:description\" content=\"ELEKTROPOSTAL A new era for a new air UNE NOUVELLE \u00c8RE POUR UN NOUVEL AIR 100 ans apr\u00e8s les pionniers de l\u2019aviation, l&#039;aventure ElektroPostal vise \u00e0 explorer des routes l\u00e9gendaires comme celle de l&#039;A\u00e9ropostale avec des a\u00e9ronefs utilisant une propulstion \u00e9lectrique n&#039;\u00e9mettant pas ou peu de gaz \u00e0 effet de serre. D\u00c9COUVRIR LE D\u00c9FI\" \/>\n<meta property=\"og:url\" content=\"https:\/\/www.elektropostal.aero\/en\/\" \/>\n<meta property=\"og:site_name\" content=\"ELEKTROPOSTAL\" \/>\n<meta property=\"article:publisher\" content=\"https:\/\/www.facebook.com\/Elektropostal-100235158367620\" \/>\n<meta property=\"article:modified_time\" content=\"2020-09-02T14:08:09+00:00\" \/>\n<meta name=\"twitter:card\" content=\"summary_large_image\" \/>\n<script type=\"application\/ld+json\" class=\"yoast-schema-graph\">{\"@context\":\"https:\\\/\\\/schema.org\",\"@graph\":[{\"@type\":\"WebPage\",\"@id\":\"https:\\\/\\\/www.elektropostal.aero\\\/en\\\/\",\"url\":\"https:\\\/\\\/www.elektropostal.aero\\\/en\\\/\",\"name\":\"Homepage - ELEKTROPOSTAL\",\"isPartOf\":{\"@id\":\"https:\\\/\\\/www.elektropostal.aero\\\/en\\\/#website\"},\"datePublished\":\"2020-09-02T14:07:08+00:00\",\"dateModified\":\"2020-09-02T14:08:09+00:00\",\"breadcrumb\":{\"@id\":\"https:\\\/\\\/www.elektropostal.aero\\\/en\\\/#breadcrumb\"},\"inLanguage\":\"en-US\",\"potentialAction\":[{\"@type\":\"ReadAction\",\"target\":[\"https:\\\/\\\/www.elektropostal.aero\\\/en\\\/\"]}]},{\"@type\":\"BreadcrumbList\",\"@id\":\"https:\\\/\\\/www.elektropostal.aero\\\/en\\\/#breadcrumb\",\"itemListElement\":[{\"@type\":\"ListItem\",\"position\":1,\"name\":\"Accueil\",\"item\":\"https:\\\/\\\/www.elektropostal.aero\\\/en\\\/\"},{\"@type\":\"ListItem\",\"position\":2,\"name\":\"Homepage\"}]},{\"@type\":\"WebSite\",\"@id\":\"https:\\\/\\\/www.elektropostal.aero\\\/en\\\/#website\",\"url\":\"https:\\\/\\\/www.elektropostal.aero\\\/en\\\/\",\"name\":\"ELEKTROPOSTAL\",\"description\":\"Une nouvelle \u00e8re pour un nouvel air\",\"publisher\":{\"@id\":\"https:\\\/\\\/www.elektropostal.aero\\\/en\\\/#organization\"},\"potentialAction\":[{\"@type\":\"SearchAction\",\"target\":{\"@type\":\"EntryPoint\",\"urlTemplate\":\"https:\\\/\\\/www.elektropostal.aero\\\/en\\\/?s={search_term_string}\"},\"query-input\":{\"@type\":\"PropertyValueSpecification\",\"valueRequired\":true,\"valueName\":\"search_term_string\"}}],\"inLanguage\":\"en-US\"},{\"@type\":\"Organization\",\"@id\":\"https:\\\/\\\/www.elektropostal.aero\\\/en\\\/#organization\",\"name\":\"ELEKTROPOSTAL\",\"url\":\"https:\\\/\\\/www.elektropostal.aero\\\/en\\\/\",\"logo\":{\"@type\":\"ImageObject\",\"inLanguage\":\"en-US\",\"@id\":\"https:\\\/\\\/www.elektropostal.aero\\\/en\\\/#\\\/schema\\\/logo\\\/image\\\/\",\"url\":\"https:\\\/\\\/www.elektropostal.aero\\\/wp-content\\\/uploads\\\/2020\\\/08\\\/Logo_Bicolore_vert.png\",\"contentUrl\":\"https:\\\/\\\/www.elektropostal.aero\\\/wp-content\\\/uploads\\\/2020\\\/08\\\/Logo_Bicolore_vert.png\",\"width\":1109,\"height\":438,\"caption\":\"ELEKTROPOSTAL\"},\"image\":{\"@id\":\"https:\\\/\\\/www.elektropostal.aero\\\/en\\\/#\\\/schema\\\/logo\\\/image\\\/\"},\"sameAs\":[\"https:\\\/\\\/www.facebook.com\\\/Elektropostal-100235158367620\",\"https:\\\/\\\/www.instagram.com\\\/elektropostal\\\/?hl=fr\",\"https:\\\/\\\/www.linkedin.com\\\/in\\\/elektropostal-06393b1b5\\\/\"]}]}<\/script>\n<!-- \/ Yoast SEO plugin. -->","yoast_head_json":{"title":"Homepage - ELEKTROPOSTAL","robots":{"index":"index","follow":"follow","max-snippet":"max-snippet:-1","max-image-preview":"max-image-preview:large","max-video-preview":"max-video-preview:-1"},"canonical":"https:\/\/www.elektropostal.aero\/en\/","og_locale":"en_US","og_type":"article","og_title":"Homepage - ELEKTROPOSTAL","og_description":"ELEKTROPOSTAL A new era for a new air UNE NOUVELLE \u00c8RE POUR UN NOUVEL AIR 100 ans apr\u00e8s les pionniers de l\u2019aviation, l'aventure ElektroPostal vise \u00e0 explorer des routes l\u00e9gendaires comme celle de l'A\u00e9ropostale avec des a\u00e9ronefs utilisant une propulstion \u00e9lectrique n'\u00e9mettant pas ou peu de gaz \u00e0 effet de serre. D\u00c9COUVRIR LE D\u00c9FI","og_url":"https:\/\/www.elektropostal.aero\/en\/","og_site_name":"ELEKTROPOSTAL","article_publisher":"https:\/\/www.facebook.com\/Elektropostal-100235158367620","article_modified_time":"2020-09-02T14:08:09+00:00","twitter_card":"summary_large_image","schema":{"@context":"https:\/\/schema.org","@graph":[{"@type":"WebPage","@id":"https:\/\/www.elektropostal.aero\/en\/","url":"https:\/\/www.elektropostal.aero\/en\/","name":"Homepage - ELEKTROPOSTAL","isPartOf":{"@id":"https:\/\/www.elektropostal.aero\/en\/#website"},"datePublished":"2020-09-02T14:07:08+00:00","dateModified":"2020-09-02T14:08:09+00:00","breadcrumb":{"@id":"https:\/\/www.elektropostal.aero\/en\/#breadcrumb"},"inLanguage":"en-US","potentialAction":[{"@type":"ReadAction","target":["https:\/\/www.elektropostal.aero\/en\/"]}]},{"@type":"BreadcrumbList","@id":"https:\/\/www.elektropostal.aero\/en\/#breadcrumb","itemListElement":[{"@type":"ListItem","position":1,"name":"Accueil","item":"https:\/\/www.elektropostal.aero\/en\/"},{"@type":"ListItem","position":2,"name":"Homepage"}]},{"@type":"WebSite","@id":"https:\/\/www.elektropostal.aero\/en\/#website","url":"https:\/\/www.elektropostal.aero\/en\/","name":"ELEKTROPOSTAL","description":"Une nouvelle \u00e8re pour un nouvel air","publisher":{"@id":"https:\/\/www.elektropostal.aero\/en\/#organization"},"potentialAction":[{"@type":"SearchAction","target":{"@type":"EntryPoint","urlTemplate":"https:\/\/www.elektropostal.aero\/en\/?s={search_term_string}"},"query-input":{"@type":"PropertyValueSpecification","valueRequired":true,"valueName":"search_term_string"}}],"inLanguage":"en-US"},{"@type":"Organization","@id":"https:\/\/www.elektropostal.aero\/en\/#organization","name":"ELEKTROPOSTAL","url":"https:\/\/www.elektropostal.aero\/en\/","logo":{"@type":"ImageObject","inLanguage":"en-US","@id":"https:\/\/www.elektropostal.aero\/en\/#\/schema\/logo\/image\/","url":"https:\/\/www.elektropostal.aero\/wp-content\/uploads\/2020\/08\/Logo_Bicolore_vert.png","contentUrl":"https:\/\/www.elektropostal.aero\/wp-content\/uploads\/2020\/08\/Logo_Bicolore_vert.png","width":1109,"height":438,"caption":"ELEKTROPOSTAL"},"image":{"@id":"https:\/\/www.elektropostal.aero\/en\/#\/schema\/logo\/image\/"},"sameAs":["https:\/\/www.facebook.com\/Elektropostal-100235158367620","https:\/\/www.instagram.com\/elektropostal\/?hl=fr","https:\/\/www.linkedin.com\/in\/elektropostal-06393b1b5\/"]}]}},"_links":{"self":[{"href":"https:\/\/www.elektropostal.aero\/en\/wp-json\/wp\/v2\/pages\/675","targetHints":{"allow":["GET"]}}],"collection":[{"href":"https:\/\/www.elektropostal.aero\/en\/wp-json\/wp\/v2\/pages"}],"about":[{"href":"https:\/\/www.elektropostal.aero\/en\/wp-json\/wp\/v2\/types\/page"}],"author":[{"embeddable":true,"href":"https:\/\/www.elektropostal.aero\/en\/wp-json\/wp\/v2\/users\/1"}],"replies":[{"embeddable":true,"href":"https:\/\/www.elektropostal.aero\/en\/wp-json\/wp\/v2\/comments?post=675"}],"version-history":[{"count":5,"href":"https:\/\/www.elektropostal.aero\/en\/wp-json\/wp\/v2\/pages\/675\/revisions"}],"predecessor-version":[{"id":680,"href":"https:\/\/www.elektropostal.aero\/en\/wp-json\/wp\/v2\/pages\/675\/revisions\/680"}],"wp:attachment":[{"href":"https:\/\/www.elektropostal.aero\/en\/wp-json\/wp\/v2\/media?parent=675"}],"curies":[{"name":"wp","href":"https:\/\/api.w.org\/{rel}","templated":true}]}}