{"id":681,"date":"2020-09-02T16:09:55","date_gmt":"2020-09-02T14:09:55","guid":{"rendered":"https:\/\/www.elektropostal.org\/?page_id=681"},"modified":"2020-09-02T16:10:27","modified_gmt":"2020-09-02T14:10:27","slug":"contact","status":"publish","type":"page","link":"https:\/\/www.elektropostal.aero\/en\/contact\/","title":{"rendered":"Contact"},"content":{"rendered":"<div id=\"pl-681\"  class=\"panel-layout\" ><div id=\"pg-681-0\"  class=\"panel-grid panel-has-style\" ><div class=\"siteorigin-panels-stretch panel-row-style panel-row-style-for-681-0\" data-stretch-type=\"full-stretched\" ><div id=\"pgc-681-0-0\"  class=\"panel-grid-cell\" ><div id=\"panel-681-0-0-0\" class=\"so-panel widget widget_sow-hero panel-first-child panel-last-child\" data-index=\"0\" ><div\n\t\t\t\n\t\t\tclass=\"so-widget-sow-hero so-widget-sow-hero-default-b729c64cd3b0-681\"\n\t\t\t\n\t\t>\t\t\t\t<div class=\"sow-slider-base\" style=\"display: none\" tabindex=\"0\">\n\t\t\t\t\t<ul\n\t\t\t\t\tclass=\"sow-slider-images\"\n\t\t\t\t\tdata-settings=\"{&quot;pagination&quot;:true,&quot;speed&quot;:800,&quot;timeout&quot;:8000,&quot;paused&quot;:true,&quot;pause_on_hover&quot;:false,&quot;swipe&quot;:false,&quot;nav_always_show_desktop&quot;:&quot;&quot;,&quot;nav_always_show_mobile&quot;:&quot;&quot;,&quot;breakpoint&quot;:&quot;780px&quot;,&quot;unmute&quot;:false,&quot;anchor&quot;:null}\"\n\t\t\t\t\t\t\t\t\t\tdata-anchor-id=\"\"\n\t\t\t\t>\t\t<li class=\"sow-slider-image  sow-slider-image-cover\" style=\"visibility: visible;;background-color: #333333;background-image: url(https:\/\/www.elektropostal.aero\/wp-content\/uploads\/2020\/07\/sky-690293_1920.jpg)\" >\n\t\t\t\t\t<div class=\"sow-slider-image-container\">\n\t\t\t<div class=\"sow-slider-image-wrapper\">\n\t\t\t\t<h1>CONTACT<\/h1>\n\t\t\t<\/div>\n\t\t<\/div>\n\t\t\t\t<\/li>\n\t\t<\/ul>\t\t\t\t<ol class=\"sow-slider-pagination\">\n\t\t\t\t\t\t\t\t\t\t\t<li><a href=\"#\" data-goto=\"0\" aria-label=\"Display slide 1\"><\/a><\/li>\n\t\t\t\t\t\t\t\t\t<\/ol>\n\n\t\t\t\t<div class=\"sow-slide-nav sow-slide-nav-next\">\n\t\t\t\t\t<a href=\"#\" data-goto=\"next\" aria-label=\"Next slide\" data-action=\"next\">\n\t\t\t\t\t\t<em class=\"sow-sld-icon-thin-right\"><\/em>\n\t\t\t\t\t<\/a>\n\t\t\t\t<\/div>\n\n\t\t\t\t<div class=\"sow-slide-nav sow-slide-nav-prev\">\n\t\t\t\t\t<a href=\"#\" data-goto=\"previous\" aria-label=\"Previous slide\" data-action=\"prev\">\n\t\t\t\t\t\t<em class=\"sow-sld-icon-thin-left\"><\/em>\n\t\t\t\t\t<\/a>\n\t\t\t\t<\/div>\n\t\t\t\t<\/div><\/div><\/div><\/div><\/div><\/div><div id=\"pg-681-1\"  class=\"panel-grid panel-has-style\" ><div class=\"panel-row-style panel-row-style-for-681-1\" ><div id=\"pgc-681-1-0\"  class=\"panel-grid-cell panel-grid-cell-mobile-last\" ><div id=\"panel-681-1-0-0\" class=\"so-panel widget widget_sow-headline panel-first-child panel-last-child\" data-index=\"1\" ><div\n\t\t\t\n\t\t\tclass=\"so-widget-sow-headline so-widget-sow-headline-default-364211823548-681\"\n\t\t\t\n\t\t><div class=\"sow-headline-container \">\n\t\t\t\t\t\t\t<h1 class=\"sow-headline\">\n\t\t\t\t\t\tVous souhaitez nous contacter ?\t\t\t\t\t\t<\/h1>\n\t\t\t\t\t\t\t\t\t\t\t\t<h3 class=\"sow-sub-headline\">\n\t\t\t\t\t\tContactez-nous par e-mail \u00e0 l'adresse contact@elektropostal.com ou au moyen du formulaire de contact ci-dessous.\t\t\t\t\t\t<\/h3>\n\t\t\t\t\t\t<\/div>\n<\/div><\/div><\/div><div id=\"pgc-681-1-1\"  class=\"panel-grid-cell panel-grid-cell-empty\" ><\/div><\/div><\/div><div id=\"pg-681-2\"  class=\"panel-grid panel-no-style\" ><div id=\"pgc-681-2-0\"  class=\"panel-grid-cell\" ><div id=\"panel-681-2-0-0\" class=\"so-panel widget widget_caldera_forms_widget panel-first-child panel-last-child\" data-index=\"2\" ><h3 class=\"widget-title\"> <\/h3><div class=\"caldera-grid\" id=\"caldera_form_1\" data-cf-ver=\"1.9.6\" data-cf-form-id=\"CF5f3e98356d7cb\"><div id=\"caldera_notices_1\" data-spinner=\"https:\/\/www.elektropostal.aero\/wp-admin\/images\/spinner.gif\"><\/div><form data-instance=\"1\" class=\"CF5f3e98356d7cb caldera_forms_form cfajax-trigger\" method=\"POST\" enctype=\"multipart\/form-data\" id=\"CF5f3e98356d7cb_1\" data-form-id=\"CF5f3e98356d7cb\" aria-label=\"Formulaire de contact\" data-target=\"#caldera_notices_1\" data-template=\"#cfajax_CF5f3e98356d7cb-tmpl\" data-cfajax=\"CF5f3e98356d7cb\" data-load-element=\"_parent\" data-load-class=\"cf_processing\" data-post-disable=\"0\" data-action=\"cf_process_ajax_submit\" data-request=\"https:\/\/www.elektropostal.aero\/en\/\/cf-api\/CF5f3e98356d7cb\" data-hiderows=\"true\">\r\n<input type=\"hidden\" id=\"_cf_verify_CF5f3e98356d7cb\" name=\"_cf_verify\" value=\"3ba2802df2\"  data-nonce-time=\"1777476803\" \/><input type=\"hidden\" name=\"_wp_http_referer\" value=\"\/en\/wp-json\/wp\/v2\/pages\/681\" \/><div id=\"cf2-CF5f3e98356d7cb_1\"><\/div><input type=\"hidden\" name=\"_cf_frm_id\" value=\"CF5f3e98356d7cb\">\r\n<input type=\"hidden\" name=\"_cf_frm_ct\" value=\"1\">\r\n<input type=\"hidden\" name=\"cfajax\" value=\"CF5f3e98356d7cb\">\r\n<input type=\"hidden\" name=\"_cf_cr_pst\" value=\"681\">\r\n<div class=\"hide\" style=\"display:none; overflow:hidden;height:0;width:0;\">\r\n<label>Url<\/label><input type=\"text\" name=\"url\" value=\"\" autocomplete=\"off\">\r\n<\/div><div id=\"CF5f3e98356d7cb_1-row-1\"  class=\"row  first_row\"><div  class=\"col-sm-12  single\"><div class=\"\"><h2>Vos d\u00e9tails<\/h2>\n<p>Faites-nous savoir comment vous contacter.<\/p>\n<hr>\n<\/div><\/div><\/div><div id=\"CF5f3e98356d7cb_1-row-2\"  class=\"row \"><div  class=\"col-sm-4  first_col\"><div data-field-wrapper=\"fld_8768091\" class=\"form-group\" id=\"fld_8768091_1-wrap\">\r\n\t<label id=\"fld_8768091Label\" for=\"fld_8768091_1\" class=\"control-label\">Pr\u00e9nom <span aria-hidden=\"true\" role=\"presentation\" class=\"field_required\" style=\"color:#ee0000;\">*<\/span><\/label>\r\n\t<div class=\"\">\r\n\t\t<input   required type=\"text\" data-field=\"fld_8768091\" class=\" form-control\" id=\"fld_8768091_1\" name=\"fld_8768091\" value=\"\" data-type=\"text\" aria-required=\"true\"   aria-labelledby=\"fld_8768091Label\" >\t\t\t<\/div>\r\n<\/div>\r\n<\/div><div  class=\"col-sm-4 \"><div data-field-wrapper=\"fld_9970286\" class=\"form-group\" id=\"fld_9970286_1-wrap\">\r\n\t<label id=\"fld_9970286Label\" for=\"fld_9970286_1\" class=\"control-label\">Nom de famille <span aria-hidden=\"true\" role=\"presentation\" class=\"field_required\" style=\"color:#ee0000;\">*<\/span><\/label>\r\n\t<div class=\"\">\r\n\t\t<input   required type=\"text\" data-field=\"fld_9970286\" class=\" form-control\" id=\"fld_9970286_1\" name=\"fld_9970286\" value=\"\" data-type=\"text\" aria-required=\"true\"   aria-labelledby=\"fld_9970286Label\" >\t\t\t<\/div>\r\n<\/div>\r\n<\/div><div  class=\"col-sm-4  last_col\"><div data-field-wrapper=\"fld_6009157\" class=\"form-group\" id=\"fld_6009157_1-wrap\">\r\n\t<label id=\"fld_6009157Label\" for=\"fld_6009157_1\" class=\"control-label\">Adresse de messagerie <span aria-hidden=\"true\" role=\"presentation\" class=\"field_required\" style=\"color:#ee0000;\">*<\/span><\/label>\r\n\t<div class=\"\">\r\n\t\t<input   required type=\"email\" data-field=\"fld_6009157\" class=\" form-control\" id=\"fld_6009157_1\" name=\"fld_6009157\" value=\"\" data-type=\"email\" aria-required=\"true\"   aria-labelledby=\"fld_6009157Label\" >\t\t\t<\/div>\r\n<\/div>\r\n<\/div><\/div><div id=\"CF5f3e98356d7cb_1-row-3\"  class=\"row \"><div  class=\"col-sm-12  single\"><div class=\"\"><h2>Comment pouvons-nous vous aider ?<\/h2>\n<p>N\u2019h\u00e9sitez pas \u00e0 poser une question ou \u00e0 simplement laisser un commentaire.<\/p>\n<hr>\n<\/div><\/div><\/div><div id=\"CF5f3e98356d7cb_1-row-4\"  class=\"row \"><div  class=\"col-sm-12  single\"><div data-field-wrapper=\"fld_7683514\" class=\"form-group\" id=\"fld_7683514_1-wrap\">\r\n\t<label id=\"fld_7683514Label\" for=\"fld_7683514_1\" class=\"control-label\">Commentaires\/questions <span aria-hidden=\"true\" role=\"presentation\" class=\"field_required\" style=\"color:#ee0000;\">*<\/span><\/label>\r\n\t<div class=\"\">\r\n\t\t<textarea name=\"fld_7683514\" value=\"\" data-field=\"fld_7683514\" class=\"form-control\" id=\"fld_7683514_1\" rows=\"7\"  required=\"required\"  aria-labelledby=\"fld_7683514Label\" ><\/textarea>\n\t\t\t<\/div>\r\n<\/div>\r\n<\/div><\/div><div id=\"CF5f3e98356d7cb_1-row-5\"  class=\"row  last_row\"><div  class=\"col-sm-12  single\"><div data-field-wrapper=\"fld_7908577\" class=\"form-group\" id=\"fld_7908577_1-wrap\">\r\n<div class=\"\">\r\n\t<input  class=\"btn btn-default\" type=\"submit\" name=\"fld_7908577\" id=\"fld_7908577_1\" value=\"Envoyer le message\" data-field=\"fld_7908577\"  >\n<\/div>\r\n<\/div>\r\n\t<input class=\"button_trigger_1\" type=\"hidden\" name=\"fld_7908577\" id=\"fld_7908577_1_btn\" value=\"\" data-field=\"fld_7908577\"  \/>\n<\/div><\/div><\/form>\r\n<\/div>\r\n<\/div><\/div><\/div><\/div>","protected":false},"excerpt":{"rendered":"<p>CONTACT Vous souhaitez nous contacter ? Contactez-nous par e-mail \u00e0 l&#8217;adresse contact@elektropostal.com ou au moyen du formulaire de contact ci-dessous. Web Site Vos d\u00e9tails Faites-nous savoir comment vous contacter. Pr\u00e9nom * Nom de famille * Adresse de messagerie * Comment pouvons-nous vous aider ? N\u2019h\u00e9sitez pas \u00e0 poser une question ou \u00e0 simplement laisser un [&hellip;]<\/p>\n","protected":false},"author":1,"featured_media":0,"parent":0,"menu_order":9,"comment_status":"closed","ping_status":"closed","template":"","meta":{"footnotes":""},"class_list":["post-681","page","type-page","status-publish","hentry","post"],"yoast_head":"<!-- This site is optimized with the Yoast SEO plugin v27.5 - https:\/\/yoast.com\/product\/yoast-seo-wordpress\/ -->\n<title>Contact - ELEKTROPOSTAL<\/title>\n<meta name=\"robots\" content=\"index, follow, max-snippet:-1, max-image-preview:large, max-video-preview:-1\" \/>\n<link rel=\"canonical\" href=\"https:\/\/www.elektropostal.aero\/en\/contact\/\" \/>\n<meta property=\"og:locale\" content=\"en_US\" \/>\n<meta property=\"og:type\" content=\"article\" \/>\n<meta property=\"og:title\" content=\"Contact - ELEKTROPOSTAL\" \/>\n<meta property=\"og:description\" content=\"CONTACT Vous souhaitez nous contacter ? Contactez-nous par e-mail \u00e0 l&#039;adresse contact@elektropostal.com ou au moyen du formulaire de contact ci-dessous. Twitter Vos d\u00e9tails Faites-nous savoir comment vous contacter. Pr\u00e9nom * Nom de famille * Adresse de messagerie * Comment pouvons-nous vous aider ? N\u2019h\u00e9sitez pas \u00e0 poser une question ou \u00e0 simplement laisser un commentaire. [&hellip;]\" \/>\n<meta property=\"og:url\" content=\"https:\/\/www.elektropostal.aero\/en\/contact\/\" \/>\n<meta property=\"og:site_name\" content=\"ELEKTROPOSTAL\" \/>\n<meta property=\"article:publisher\" content=\"https:\/\/www.facebook.com\/Elektropostal-100235158367620\" \/>\n<meta property=\"article:modified_time\" content=\"2020-09-02T14:10:27+00:00\" \/>\n<meta name=\"twitter:card\" content=\"summary_large_image\" \/>\n<script type=\"application\/ld+json\" class=\"yoast-schema-graph\">{\"@context\":\"https:\\\/\\\/schema.org\",\"@graph\":[{\"@type\":\"WebPage\",\"@id\":\"https:\\\/\\\/www.elektropostal.aero\\\/en\\\/contact\\\/\",\"url\":\"https:\\\/\\\/www.elektropostal.aero\\\/en\\\/contact\\\/\",\"name\":\"Contact - ELEKTROPOSTAL\",\"isPartOf\":{\"@id\":\"https:\\\/\\\/www.elektropostal.aero\\\/en\\\/#website\"},\"datePublished\":\"2020-09-02T14:09:55+00:00\",\"dateModified\":\"2020-09-02T14:10:27+00:00\",\"breadcrumb\":{\"@id\":\"https:\\\/\\\/www.elektropostal.aero\\\/en\\\/contact\\\/#breadcrumb\"},\"inLanguage\":\"en-US\",\"potentialAction\":[{\"@type\":\"ReadAction\",\"target\":[\"https:\\\/\\\/www.elektropostal.aero\\\/en\\\/contact\\\/\"]}]},{\"@type\":\"BreadcrumbList\",\"@id\":\"https:\\\/\\\/www.elektropostal.aero\\\/en\\\/contact\\\/#breadcrumb\",\"itemListElement\":[{\"@type\":\"ListItem\",\"position\":1,\"name\":\"Accueil\",\"item\":\"https:\\\/\\\/www.elektropostal.aero\\\/en\\\/\"},{\"@type\":\"ListItem\",\"position\":2,\"name\":\"Contact\"}]},{\"@type\":\"WebSite\",\"@id\":\"https:\\\/\\\/www.elektropostal.aero\\\/en\\\/#website\",\"url\":\"https:\\\/\\\/www.elektropostal.aero\\\/en\\\/\",\"name\":\"ELEKTROPOSTAL\",\"description\":\"Une nouvelle \u00e8re pour un nouvel air\",\"publisher\":{\"@id\":\"https:\\\/\\\/www.elektropostal.aero\\\/en\\\/#organization\"},\"potentialAction\":[{\"@type\":\"SearchAction\",\"target\":{\"@type\":\"EntryPoint\",\"urlTemplate\":\"https:\\\/\\\/www.elektropostal.aero\\\/en\\\/?s={search_term_string}\"},\"query-input\":{\"@type\":\"PropertyValueSpecification\",\"valueRequired\":true,\"valueName\":\"search_term_string\"}}],\"inLanguage\":\"en-US\"},{\"@type\":\"Organization\",\"@id\":\"https:\\\/\\\/www.elektropostal.aero\\\/en\\\/#organization\",\"name\":\"ELEKTROPOSTAL\",\"url\":\"https:\\\/\\\/www.elektropostal.aero\\\/en\\\/\",\"logo\":{\"@type\":\"ImageObject\",\"inLanguage\":\"en-US\",\"@id\":\"https:\\\/\\\/www.elektropostal.aero\\\/en\\\/#\\\/schema\\\/logo\\\/image\\\/\",\"url\":\"https:\\\/\\\/www.elektropostal.aero\\\/wp-content\\\/uploads\\\/2020\\\/08\\\/Logo_Bicolore_vert.png\",\"contentUrl\":\"https:\\\/\\\/www.elektropostal.aero\\\/wp-content\\\/uploads\\\/2020\\\/08\\\/Logo_Bicolore_vert.png\",\"width\":1109,\"height\":438,\"caption\":\"ELEKTROPOSTAL\"},\"image\":{\"@id\":\"https:\\\/\\\/www.elektropostal.aero\\\/en\\\/#\\\/schema\\\/logo\\\/image\\\/\"},\"sameAs\":[\"https:\\\/\\\/www.facebook.com\\\/Elektropostal-100235158367620\",\"https:\\\/\\\/www.instagram.com\\\/elektropostal\\\/?hl=fr\",\"https:\\\/\\\/www.linkedin.com\\\/in\\\/elektropostal-06393b1b5\\\/\"]}]}<\/script>\n<!-- \/ Yoast SEO plugin. -->","yoast_head_json":{"title":"Contact - ELEKTROPOSTAL","robots":{"index":"index","follow":"follow","max-snippet":"max-snippet:-1","max-image-preview":"max-image-preview:large","max-video-preview":"max-video-preview:-1"},"canonical":"https:\/\/www.elektropostal.aero\/en\/contact\/","og_locale":"en_US","og_type":"article","og_title":"Contact - ELEKTROPOSTAL","og_description":"CONTACT Vous souhaitez nous contacter ? Contactez-nous par e-mail \u00e0 l'adresse contact@elektropostal.com ou au moyen du formulaire de contact ci-dessous. Order Number Vos d\u00e9tails Faites-nous savoir comment vous contacter. Pr\u00e9nom * Nom de famille * Adresse de messagerie * Comment pouvons-nous vous aider ? N\u2019h\u00e9sitez pas \u00e0 poser une question ou \u00e0 simplement laisser un [&hellip;]","og_url":"https:\/\/www.elektropostal.aero\/en\/contact\/","og_site_name":"ELEKTROPOSTAL","article_publisher":"https:\/\/www.facebook.com\/Elektropostal-100235158367620","article_modified_time":"2020-09-02T14:10:27+00:00","twitter_card":"summary_large_image","schema":{"@context":"https:\/\/schema.org","@graph":[{"@type":"WebPage","@id":"https:\/\/www.elektropostal.aero\/en\/contact\/","url":"https:\/\/www.elektropostal.aero\/en\/contact\/","name":"Contact - ELEKTROPOSTAL","isPartOf":{"@id":"https:\/\/www.elektropostal.aero\/en\/#website"},"datePublished":"2020-09-02T14:09:55+00:00","dateModified":"2020-09-02T14:10:27+00:00","breadcrumb":{"@id":"https:\/\/www.elektropostal.aero\/en\/contact\/#breadcrumb"},"inLanguage":"en-US","potentialAction":[{"@type":"ReadAction","target":["https:\/\/www.elektropostal.aero\/en\/contact\/"]}]},{"@type":"BreadcrumbList","@id":"https:\/\/www.elektropostal.aero\/en\/contact\/#breadcrumb","itemListElement":[{"@type":"ListItem","position":1,"name":"Accueil","item":"https:\/\/www.elektropostal.aero\/en\/"},{"@type":"ListItem","position":2,"name":"Contact"}]},{"@type":"WebSite","@id":"https:\/\/www.elektropostal.aero\/en\/#website","url":"https:\/\/www.elektropostal.aero\/en\/","name":"ELEKTROPOSTAL","description":"Une nouvelle \u00e8re pour un nouvel air","publisher":{"@id":"https:\/\/www.elektropostal.aero\/en\/#organization"},"potentialAction":[{"@type":"SearchAction","target":{"@type":"EntryPoint","urlTemplate":"https:\/\/www.elektropostal.aero\/en\/?s={search_term_string}"},"query-input":{"@type":"PropertyValueSpecification","valueRequired":true,"valueName":"search_term_string"}}],"inLanguage":"en-US"},{"@type":"Organization","@id":"https:\/\/www.elektropostal.aero\/en\/#organization","name":"ELEKTROPOSTAL","url":"https:\/\/www.elektropostal.aero\/en\/","logo":{"@type":"ImageObject","inLanguage":"en-US","@id":"https:\/\/www.elektropostal.aero\/en\/#\/schema\/logo\/image\/","url":"https:\/\/www.elektropostal.aero\/wp-content\/uploads\/2020\/08\/Logo_Bicolore_vert.png","contentUrl":"https:\/\/www.elektropostal.aero\/wp-content\/uploads\/2020\/08\/Logo_Bicolore_vert.png","width":1109,"height":438,"caption":"ELEKTROPOSTAL"},"image":{"@id":"https:\/\/www.elektropostal.aero\/en\/#\/schema\/logo\/image\/"},"sameAs":["https:\/\/www.facebook.com\/Elektropostal-100235158367620","https:\/\/www.instagram.com\/elektropostal\/?hl=fr","https:\/\/www.linkedin.com\/in\/elektropostal-06393b1b5\/"]}]}},"_links":{"self":[{"href":"https:\/\/www.elektropostal.aero\/en\/wp-json\/wp\/v2\/pages\/681","targetHints":{"allow":["GET"]}}],"collection":[{"href":"https:\/\/www.elektropostal.aero\/en\/wp-json\/wp\/v2\/pages"}],"about":[{"href":"https:\/\/www.elektropostal.aero\/en\/wp-json\/wp\/v2\/types\/page"}],"author":[{"embeddable":true,"href":"https:\/\/www.elektropostal.aero\/en\/wp-json\/wp\/v2\/users\/1"}],"replies":[{"embeddable":true,"href":"https:\/\/www.elektropostal.aero\/en\/wp-json\/wp\/v2\/comments?post=681"}],"version-history":[{"count":6,"href":"https:\/\/www.elektropostal.aero\/en\/wp-json\/wp\/v2\/pages\/681\/revisions"}],"predecessor-version":[{"id":687,"href":"https:\/\/www.elektropostal.aero\/en\/wp-json\/wp\/v2\/pages\/681\/revisions\/687"}],"wp:attachment":[{"href":"https:\/\/www.elektropostal.aero\/en\/wp-json\/wp\/v2\/media?parent=681"}],"curies":[{"name":"wp","href":"https:\/\/api.w.org\/{rel}","templated":true}]}}